{"id":875,"date":"2025-11-19T22:53:36","date_gmt":"2025-11-19T19:53:36","guid":{"rendered":"https:\/\/www.digitalurunevreni.com\/?page_id=875"},"modified":"2025-11-20T15:25:20","modified_gmt":"2025-11-20T12:25:20","slug":"hizmetlerimiz","status":"publish","type":"page","link":"https:\/\/www.digitalurunevreni.com\/?page_id=875","title":{"rendered":"H\u0130ZMETLER\u0130M\u0130Z"},"content":{"rendered":"\t\t<div data-elementor-type=\"wp-page\" data-elementor-id=\"875\" class=\"elementor elementor-875\">\n\t\t\t\t<div class=\"elementor-element elementor-element-ce8794d e-flex e-con-boxed e-con e-parent\" data-id=\"ce8794d\" data-element_type=\"container\">\n\t\t\t\t\t<div class=\"e-con-inner\">\n\t\t\t\t<div class=\"elementor-element elementor-element-152a596 elementor-widget elementor-widget-image\" data-id=\"152a596\" data-element_type=\"widget\" data-widget_type=\"image.default\">\n\t\t\t\t\t\t\t\t\t\t\t\t\t\t\t<img fetchpriority=\"high\" decoding=\"async\" width=\"1920\" height=\"1080\" src=\"https:\/\/www.digitalurunevreni.com\/wp-content\/uploads\/2025\/11\/1.png\" class=\"attachment-full size-full wp-image-906\" alt=\"\" srcset=\"https:\/\/www.digitalurunevreni.com\/wp-content\/uploads\/2025\/11\/1.png 1920w, https:\/\/www.digitalurunevreni.com\/wp-content\/uploads\/2025\/11\/1-300x169.png 300w, https:\/\/www.digitalurunevreni.com\/wp-content\/uploads\/2025\/11\/1-1024x576.png 1024w, https:\/\/www.digitalurunevreni.com\/wp-content\/uploads\/2025\/11\/1-768x432.png 768w, https:\/\/www.digitalurunevreni.com\/wp-content\/uploads\/2025\/11\/1-1536x864.png 1536w, https:\/\/www.digitalurunevreni.com\/wp-content\/uploads\/2025\/11\/1-800x450.png 800w, https:\/\/www.digitalurunevreni.com\/wp-content\/uploads\/2025\/11\/1-1320x743.png 1320w\" sizes=\"(max-width: 1920px) 100vw, 1920px\" \/>\t\t\t\t\t\t\t\t\t\t\t\t\t\t\t<\/div>\n\t\t\t\t\t<\/div>\n\t\t\t\t<\/div>\n\t\t<div class=\"elementor-element elementor-element-1a24141 e-flex e-con-boxed e-con e-parent\" data-id=\"1a24141\" data-element_type=\"container\">\n\t\t\t\t\t<div class=\"e-con-inner\">\n\t\t\t\t<div class=\"elementor-element elementor-element-f08f320 e-transform e-transform elementor-widget elementor-widget-image\" data-id=\"f08f320\" data-element_type=\"widget\" data-settings=\"{&quot;_transform_translateX_effect&quot;:{&quot;unit&quot;:&quot;px&quot;,&quot;size&quot;:0,&quot;sizes&quot;:[]},&quot;_transform_skewX_effect&quot;:{&quot;unit&quot;:&quot;px&quot;,&quot;size&quot;:0,&quot;sizes&quot;:[]},&quot;_transform_translateX_effect_tablet&quot;:{&quot;unit&quot;:&quot;px&quot;,&quot;size&quot;:&quot;&quot;,&quot;sizes&quot;:[]},&quot;_transform_translateX_effect_mobile&quot;:{&quot;unit&quot;:&quot;px&quot;,&quot;size&quot;:&quot;&quot;,&quot;sizes&quot;:[]},&quot;_transform_translateY_effect&quot;:{&quot;unit&quot;:&quot;px&quot;,&quot;size&quot;:&quot;&quot;,&quot;sizes&quot;:[]},&quot;_transform_translateY_effect_tablet&quot;:{&quot;unit&quot;:&quot;px&quot;,&quot;size&quot;:&quot;&quot;,&quot;sizes&quot;:[]},&quot;_transform_translateY_effect_mobile&quot;:{&quot;unit&quot;:&quot;px&quot;,&quot;size&quot;:&quot;&quot;,&quot;sizes&quot;:[]},&quot;_transform_skewX_effect_tablet&quot;:{&quot;unit&quot;:&quot;deg&quot;,&quot;size&quot;:&quot;&quot;,&quot;sizes&quot;:[]},&quot;_transform_skewX_effect_mobile&quot;:{&quot;unit&quot;:&quot;deg&quot;,&quot;size&quot;:&quot;&quot;,&quot;sizes&quot;:[]},&quot;_transform_skewY_effect&quot;:{&quot;unit&quot;:&quot;px&quot;,&quot;size&quot;:&quot;&quot;,&quot;sizes&quot;:[]},&quot;_transform_skewY_effect_tablet&quot;:{&quot;unit&quot;:&quot;deg&quot;,&quot;size&quot;:&quot;&quot;,&quot;sizes&quot;:[]},&quot;_transform_skewY_effect_mobile&quot;:{&quot;unit&quot;:&quot;deg&quot;,&quot;size&quot;:&quot;&quot;,&quot;sizes&quot;:[]}}\" data-widget_type=\"image.default\">\n\t\t\t\t\t\t\t\t\t\t\t\t\t\t\t<img decoding=\"async\" width=\"1920\" height=\"1080\" src=\"https:\/\/www.digitalurunevreni.com\/wp-content\/uploads\/2025\/11\/2.png\" class=\"attachment-full size-full wp-image-907\" alt=\"\" srcset=\"https:\/\/www.digitalurunevreni.com\/wp-content\/uploads\/2025\/11\/2.png 1920w, https:\/\/www.digitalurunevreni.com\/wp-content\/uploads\/2025\/11\/2-300x169.png 300w, https:\/\/www.digitalurunevreni.com\/wp-content\/uploads\/2025\/11\/2-1024x576.png 1024w, https:\/\/www.digitalurunevreni.com\/wp-content\/uploads\/2025\/11\/2-768x432.png 768w, https:\/\/www.digitalurunevreni.com\/wp-content\/uploads\/2025\/11\/2-1536x864.png 1536w, https:\/\/www.digitalurunevreni.com\/wp-content\/uploads\/2025\/11\/2-800x450.png 800w, https:\/\/www.digitalurunevreni.com\/wp-content\/uploads\/2025\/11\/2-1320x743.png 1320w\" sizes=\"(max-width: 1920px) 100vw, 1920px\" \/>\t\t\t\t\t\t\t\t\t\t\t\t\t\t\t<\/div>\n\t\t\t\t\t<\/div>\n\t\t\t\t<\/div>\n\t\t<div class=\"elementor-element elementor-element-419749c e-flex e-con-boxed e-con e-parent\" data-id=\"419749c\" data-element_type=\"container\">\n\t\t\t\t\t<div class=\"e-con-inner\">\n\t\t\t\t<div class=\"elementor-element elementor-element-c338788 elementor-widget elementor-widget-image\" data-id=\"c338788\" data-element_type=\"widget\" data-widget_type=\"image.default\">\n\t\t\t\t\t\t\t\t\t\t\t\t\t\t\t<img decoding=\"async\" width=\"1920\" height=\"1080\" src=\"https:\/\/www.digitalurunevreni.com\/wp-content\/uploads\/2025\/11\/3.png\" class=\"attachment-full size-full wp-image-908\" alt=\"\" srcset=\"https:\/\/www.digitalurunevreni.com\/wp-content\/uploads\/2025\/11\/3.png 1920w, https:\/\/www.digitalurunevreni.com\/wp-content\/uploads\/2025\/11\/3-300x169.png 300w, https:\/\/www.digitalurunevreni.com\/wp-content\/uploads\/2025\/11\/3-1024x576.png 1024w, https:\/\/www.digitalurunevreni.com\/wp-content\/uploads\/2025\/11\/3-768x432.png 768w, https:\/\/www.digitalurunevreni.com\/wp-content\/uploads\/2025\/11\/3-1536x864.png 1536w, https:\/\/www.digitalurunevreni.com\/wp-content\/uploads\/2025\/11\/3-800x450.png 800w, https:\/\/www.digitalurunevreni.com\/wp-content\/uploads\/2025\/11\/3-1320x743.png 1320w\" sizes=\"(max-width: 1920px) 100vw, 1920px\" \/>\t\t\t\t\t\t\t\t\t\t\t\t\t\t\t<\/div>\n\t\t\t\t\t<\/div>\n\t\t\t\t<\/div>\n\t\t<div class=\"elementor-element elementor-element-4932ec9 e-flex e-con-boxed e-con e-parent\" data-id=\"4932ec9\" data-element_type=\"container\">\n\t\t\t\t\t<div class=\"e-con-inner\">\n\t\t\t\t<div class=\"elementor-element elementor-element-688bf38 elementor-widget elementor-widget-image\" data-id=\"688bf38\" data-element_type=\"widget\" data-widget_type=\"image.default\">\n\t\t\t\t\t\t\t\t\t\t\t\t\t\t\t<img loading=\"lazy\" decoding=\"async\" width=\"1920\" height=\"1080\" src=\"https:\/\/www.digitalurunevreni.com\/wp-content\/uploads\/2025\/11\/4.png\" class=\"attachment-full size-full wp-image-909\" alt=\"\" srcset=\"https:\/\/www.digitalurunevreni.com\/wp-content\/uploads\/2025\/11\/4.png 1920w, https:\/\/www.digitalurunevreni.com\/wp-content\/uploads\/2025\/11\/4-300x169.png 300w, https:\/\/www.digitalurunevreni.com\/wp-content\/uploads\/2025\/11\/4-1024x576.png 1024w, https:\/\/www.digitalurunevreni.com\/wp-content\/uploads\/2025\/11\/4-768x432.png 768w, https:\/\/www.digitalurunevreni.com\/wp-content\/uploads\/2025\/11\/4-1536x864.png 1536w, https:\/\/www.digitalurunevreni.com\/wp-content\/uploads\/2025\/11\/4-800x450.png 800w, https:\/\/www.digitalurunevreni.com\/wp-content\/uploads\/2025\/11\/4-1320x743.png 1320w\" sizes=\"(max-width: 1920px) 100vw, 1920px\" \/>\t\t\t\t\t\t\t\t\t\t\t\t\t\t\t<\/div>\n\t\t\t\t\t<\/div>\n\t\t\t\t<\/div>\n\t\t<div class=\"elementor-element elementor-element-3bea131 e-flex e-con-boxed e-con e-parent\" data-id=\"3bea131\" data-element_type=\"container\">\n\t\t\t\t\t<div class=\"e-con-inner\">\n\t\t\t\t<div class=\"elementor-element elementor-element-890dce0 elementor-widget elementor-widget-image\" data-id=\"890dce0\" data-element_type=\"widget\" data-widget_type=\"image.default\">\n\t\t\t\t\t\t\t\t\t\t\t\t\t\t\t<img loading=\"lazy\" decoding=\"async\" width=\"1920\" height=\"1080\" src=\"https:\/\/www.digitalurunevreni.com\/wp-content\/uploads\/2025\/11\/5.png\" class=\"attachment-full size-full wp-image-910\" alt=\"\" srcset=\"https:\/\/www.digitalurunevreni.com\/wp-content\/uploads\/2025\/11\/5.png 1920w, https:\/\/www.digitalurunevreni.com\/wp-content\/uploads\/2025\/11\/5-300x169.png 300w, https:\/\/www.digitalurunevreni.com\/wp-content\/uploads\/2025\/11\/5-1024x576.png 1024w, https:\/\/www.digitalurunevreni.com\/wp-content\/uploads\/2025\/11\/5-768x432.png 768w, https:\/\/www.digitalurunevreni.com\/wp-content\/uploads\/2025\/11\/5-1536x864.png 1536w, https:\/\/www.digitalurunevreni.com\/wp-content\/uploads\/2025\/11\/5-800x450.png 800w, https:\/\/www.digitalurunevreni.com\/wp-content\/uploads\/2025\/11\/5-1320x743.png 1320w\" sizes=\"(max-width: 1920px) 100vw, 1920px\" \/>\t\t\t\t\t\t\t\t\t\t\t\t\t\t\t<\/div>\n\t\t\t\t\t<\/div>\n\t\t\t\t<\/div>\n\t\t<div class=\"elementor-element elementor-element-d9bbd8a e-flex e-con-boxed e-con e-parent\" data-id=\"d9bbd8a\" data-element_type=\"container\">\n\t\t\t\t\t<div class=\"e-con-inner\">\n\t\t\t\t<div class=\"elementor-element elementor-element-284e96c elementor-widget elementor-widget-image\" data-id=\"284e96c\" data-element_type=\"widget\" data-widget_type=\"image.default\">\n\t\t\t\t\t\t\t\t\t\t\t\t\t\t\t<img loading=\"lazy\" decoding=\"async\" width=\"1920\" height=\"1080\" src=\"https:\/\/www.digitalurunevreni.com\/wp-content\/uploads\/2025\/11\/6.png\" class=\"attachment-full size-full wp-image-911\" alt=\"\" srcset=\"https:\/\/www.digitalurunevreni.com\/wp-content\/uploads\/2025\/11\/6.png 1920w, https:\/\/www.digitalurunevreni.com\/wp-content\/uploads\/2025\/11\/6-300x169.png 300w, https:\/\/www.digitalurunevreni.com\/wp-content\/uploads\/2025\/11\/6-1024x576.png 1024w, https:\/\/www.digitalurunevreni.com\/wp-content\/uploads\/2025\/11\/6-768x432.png 768w, https:\/\/www.digitalurunevreni.com\/wp-content\/uploads\/2025\/11\/6-1536x864.png 1536w, https:\/\/www.digitalurunevreni.com\/wp-content\/uploads\/2025\/11\/6-800x450.png 800w, https:\/\/www.digitalurunevreni.com\/wp-content\/uploads\/2025\/11\/6-1320x743.png 1320w\" sizes=\"(max-width: 1920px) 100vw, 1920px\" \/>\t\t\t\t\t\t\t\t\t\t\t\t\t\t\t<\/div>\n\t\t\t\t\t<\/div>\n\t\t\t\t<\/div>\n\t\t<div class=\"elementor-element elementor-element-7481798 e-flex e-con-boxed e-con e-parent\" data-id=\"7481798\" data-element_type=\"container\">\n\t\t\t\t\t<div class=\"e-con-inner\">\n\t\t\t\t<div class=\"elementor-element elementor-element-c83ace5 elementor-widget elementor-widget-image\" data-id=\"c83ace5\" data-element_type=\"widget\" data-widget_type=\"image.default\">\n\t\t\t\t\t\t\t\t\t\t\t\t\t\t\t<img loading=\"lazy\" decoding=\"async\" width=\"1920\" height=\"1080\" src=\"https:\/\/www.digitalurunevreni.com\/wp-content\/uploads\/2025\/11\/7.png\" class=\"attachment-full size-full wp-image-912\" alt=\"\" srcset=\"https:\/\/www.digitalurunevreni.com\/wp-content\/uploads\/2025\/11\/7.png 1920w, https:\/\/www.digitalurunevreni.com\/wp-content\/uploads\/2025\/11\/7-300x169.png 300w, https:\/\/www.digitalurunevreni.com\/wp-content\/uploads\/2025\/11\/7-1024x576.png 1024w, https:\/\/www.digitalurunevreni.com\/wp-content\/uploads\/2025\/11\/7-768x432.png 768w, https:\/\/www.digitalurunevreni.com\/wp-content\/uploads\/2025\/11\/7-1536x864.png 1536w, https:\/\/www.digitalurunevreni.com\/wp-content\/uploads\/2025\/11\/7-800x450.png 800w, https:\/\/www.digitalurunevreni.com\/wp-content\/uploads\/2025\/11\/7-1320x743.png 1320w\" sizes=\"(max-width: 1920px) 100vw, 1920px\" \/>\t\t\t\t\t\t\t\t\t\t\t\t\t\t\t<\/div>\n\t\t\t\t\t<\/div>\n\t\t\t\t<\/div>\n\t\t\t\t<\/div>\n\t\t","protected":false},"excerpt":{"rendered":"","protected":false},"author":1,"featured_media":0,"parent":0,"menu_order":0,"comment_status":"closed","ping_status":"closed","template":"elementor_header_footer","meta":{"ocean_post_layout":"","ocean_both_sidebars_style":"","ocean_both_sidebars_content_width":0,"ocean_both_sidebars_sidebars_width":0,"ocean_sidebar":"","ocean_second_sidebar":"","ocean_disable_margins":"enable","ocean_add_body_class":"","ocean_shortcode_before_top_bar":"","ocean_shortcode_after_top_bar":"","ocean_shortcode_before_header":"","ocean_shortcode_after_header":"","ocean_has_shortcode":"","ocean_shortcode_after_title":"","ocean_shortcode_before_footer_widgets":"","ocean_shortcode_after_footer_widgets":"","ocean_shortcode_before_footer_bottom":"","ocean_shortcode_after_footer_bottom":"","ocean_display_top_bar":"default","ocean_display_header":"default","ocean_header_style":"","ocean_center_header_left_menu":"","ocean_custom_header_template":"","ocean_custom_logo":0,"ocean_custom_retina_logo":0,"ocean_custom_logo_max_width":0,"ocean_custom_logo_tablet_max_width":0,"ocean_custom_logo_mobile_max_width":0,"ocean_custom_logo_max_height":0,"ocean_custom_logo_tablet_max_height":0,"ocean_custom_logo_mobile_max_height":0,"ocean_header_custom_menu":"","ocean_menu_typo_font_family":"","ocean_menu_typo_font_subset":"","ocean_menu_typo_font_size":0,"ocean_menu_typo_font_size_tablet":0,"ocean_menu_typo_font_size_mobile":0,"ocean_menu_typo_font_size_unit":"px","ocean_menu_typo_font_weight":"","ocean_menu_typo_font_weight_tablet":"","ocean_menu_typo_font_weight_mobile":"","ocean_menu_typo_transform":"","ocean_menu_typo_transform_tablet":"","ocean_menu_typo_transform_mobile":"","ocean_menu_typo_line_height":0,"ocean_menu_typo_line_height_tablet":0,"ocean_menu_typo_line_height_mobile":0,"ocean_menu_typo_line_height_unit":"","ocean_menu_typo_spacing":0,"ocean_menu_typo_spacing_tablet":0,"ocean_menu_typo_spacing_mobile":0,"ocean_menu_typo_spacing_unit":"","ocean_menu_link_color":"","ocean_menu_link_color_hover":"","ocean_menu_link_color_active":"","ocean_menu_link_background":"","ocean_menu_link_hover_background":"","ocean_menu_link_active_background":"","ocean_menu_social_links_bg":"","ocean_menu_social_hover_links_bg":"","ocean_menu_social_links_color":"","ocean_menu_social_hover_links_color":"","ocean_disable_title":"default","ocean_disable_heading":"default","ocean_post_title":"","ocean_post_subheading":"","ocean_post_title_style":"","ocean_post_title_background_color":"","ocean_post_title_background":0,"ocean_post_title_bg_image_position":"","ocean_post_title_bg_image_attachment":"","ocean_post_title_bg_image_repeat":"","ocean_post_title_bg_image_size":"","ocean_post_title_height":0,"ocean_post_title_bg_overlay":0.5,"ocean_post_title_bg_overlay_color":"","ocean_disable_breadcrumbs":"default","ocean_breadcrumbs_color":"","ocean_breadcrumbs_separator_color":"","ocean_breadcrumbs_links_color":"","ocean_breadcrumbs_links_hover_color":"","ocean_display_footer_widgets":"default","ocean_display_footer_bottom":"default","ocean_custom_footer_template":"","omw_enable_modal_window":"enable","footnotes":""},"class_list":["post-875","page","type-page","status-publish","hentry","entry"],"yoast_head":"<!-- This site is optimized with the Yoast SEO plugin v25.9 - https:\/\/yoast.com\/wordpress\/plugins\/seo\/ -->\n<title>H\u0130ZMETLER\u0130M\u0130Z - D\u0130J\u0130TAL H\u0130ZMETLER<\/title>\n<meta name=\"robots\" content=\"index, follow, max-snippet:-1, max-image-preview:large, max-video-preview:-1\" \/>\n<link rel=\"canonical\" href=\"https:\/\/www.digitalurunevreni.com\/?page_id=875\" \/>\n<meta property=\"og:locale\" content=\"tr_TR\" \/>\n<meta property=\"og:type\" content=\"article\" \/>\n<meta property=\"og:title\" content=\"H\u0130ZMETLER\u0130M\u0130Z - D\u0130J\u0130TAL H\u0130ZMETLER\" \/>\n<meta property=\"og:url\" content=\"https:\/\/www.digitalurunevreni.com\/?page_id=875\" \/>\n<meta property=\"og:site_name\" content=\"D\u0130J\u0130TAL H\u0130ZMETLER\" \/>\n<meta property=\"article:modified_time\" content=\"2025-11-20T12:25:20+00:00\" \/>\n<meta property=\"og:image\" content=\"https:\/\/www.digitalurunevreni.com\/wp-content\/uploads\/2025\/11\/1.png\" \/>\n\t<meta property=\"og:image:width\" content=\"1920\" \/>\n\t<meta property=\"og:image:height\" content=\"1080\" \/>\n\t<meta property=\"og:image:type\" content=\"image\/png\" \/>\n<meta name=\"twitter:card\" content=\"summary_large_image\" \/>\n<script type=\"application\/ld+json\" class=\"yoast-schema-graph\">{\"@context\":\"https:\/\/schema.org\",\"@graph\":[{\"@type\":\"WebPage\",\"@id\":\"https:\/\/www.digitalurunevreni.com\/?page_id=875\",\"url\":\"https:\/\/www.digitalurunevreni.com\/?page_id=875\",\"name\":\"H\u0130ZMETLER\u0130M\u0130Z - D\u0130J\u0130TAL H\u0130ZMETLER\",\"isPartOf\":{\"@id\":\"https:\/\/www.digitalurunevreni.com\/#website\"},\"primaryImageOfPage\":{\"@id\":\"https:\/\/www.digitalurunevreni.com\/?page_id=875#primaryimage\"},\"image\":{\"@id\":\"https:\/\/www.digitalurunevreni.com\/?page_id=875#primaryimage\"},\"thumbnailUrl\":\"https:\/\/www.digitalurunevreni.com\/wp-content\/uploads\/2025\/11\/1.png\",\"datePublished\":\"2025-11-19T19:53:36+00:00\",\"dateModified\":\"2025-11-20T12:25:20+00:00\",\"breadcrumb\":{\"@id\":\"https:\/\/www.digitalurunevreni.com\/?page_id=875#breadcrumb\"},\"inLanguage\":\"tr\",\"potentialAction\":[{\"@type\":\"ReadAction\",\"target\":[\"https:\/\/www.digitalurunevreni.com\/?page_id=875\"]}]},{\"@type\":\"ImageObject\",\"inLanguage\":\"tr\",\"@id\":\"https:\/\/www.digitalurunevreni.com\/?page_id=875#primaryimage\",\"url\":\"https:\/\/www.digitalurunevreni.com\/wp-content\/uploads\/2025\/11\/1.png\",\"contentUrl\":\"https:\/\/www.digitalurunevreni.com\/wp-content\/uploads\/2025\/11\/1.png\",\"width\":1920,\"height\":1080},{\"@type\":\"BreadcrumbList\",\"@id\":\"https:\/\/www.digitalurunevreni.com\/?page_id=875#breadcrumb\",\"itemListElement\":[{\"@type\":\"ListItem\",\"position\":1,\"name\":\"Anasayfa\",\"item\":\"https:\/\/www.digitalurunevreni.com\/\"},{\"@type\":\"ListItem\",\"position\":2,\"name\":\"H\u0130ZMETLER\u0130M\u0130Z\"}]},{\"@type\":\"WebSite\",\"@id\":\"https:\/\/www.digitalurunevreni.com\/#website\",\"url\":\"https:\/\/www.digitalurunevreni.com\/\",\"name\":\"D\u0130J\u0130TAL H\u0130ZMETLER\",\"description\":\"\",\"publisher\":{\"@id\":\"https:\/\/www.digitalurunevreni.com\/#organization\"},\"potentialAction\":[{\"@type\":\"SearchAction\",\"target\":{\"@type\":\"EntryPoint\",\"urlTemplate\":\"https:\/\/www.digitalurunevreni.com\/?s={search_term_string}\"},\"query-input\":{\"@type\":\"PropertyValueSpecification\",\"valueRequired\":true,\"valueName\":\"search_term_string\"}}],\"inLanguage\":\"tr\"},{\"@type\":\"Organization\",\"@id\":\"https:\/\/www.digitalurunevreni.com\/#organization\",\"name\":\"D\u0130J\u0130TAL H\u0130ZMETLER\",\"url\":\"https:\/\/www.digitalurunevreni.com\/\",\"logo\":{\"@type\":\"ImageObject\",\"inLanguage\":\"tr\",\"@id\":\"https:\/\/www.digitalurunevreni.com\/#\/schema\/logo\/image\/\",\"url\":\"https:\/\/www.digitalurunevreni.com\/wp-content\/uploads\/2025\/11\/cropped-cropped-sefaf-logo.png\",\"contentUrl\":\"https:\/\/www.digitalurunevreni.com\/wp-content\/uploads\/2025\/11\/cropped-cropped-sefaf-logo.png\",\"width\":511,\"height\":464,\"caption\":\"D\u0130J\u0130TAL H\u0130ZMETLER\"},\"image\":{\"@id\":\"https:\/\/www.digitalurunevreni.com\/#\/schema\/logo\/image\/\"}}]}<\/script>\n<!-- \/ Yoast SEO plugin. -->","yoast_head_json":{"title":"H\u0130ZMETLER\u0130M\u0130Z - D\u0130J\u0130TAL H\u0130ZMETLER","robots":{"index":"index","follow":"follow","max-snippet":"max-snippet:-1","max-image-preview":"max-image-preview:large","max-video-preview":"max-video-preview:-1"},"canonical":"https:\/\/www.digitalurunevreni.com\/?page_id=875","og_locale":"tr_TR","og_type":"article","og_title":"H\u0130ZMETLER\u0130M\u0130Z - D\u0130J\u0130TAL H\u0130ZMETLER","og_url":"https:\/\/www.digitalurunevreni.com\/?page_id=875","og_site_name":"D\u0130J\u0130TAL H\u0130ZMETLER","article_modified_time":"2025-11-20T12:25:20+00:00","og_image":[{"width":1920,"height":1080,"url":"https:\/\/www.digitalurunevreni.com\/wp-content\/uploads\/2025\/11\/1.png","type":"image\/png"}],"twitter_card":"summary_large_image","schema":{"@context":"https:\/\/schema.org","@graph":[{"@type":"WebPage","@id":"https:\/\/www.digitalurunevreni.com\/?page_id=875","url":"https:\/\/www.digitalurunevreni.com\/?page_id=875","name":"H\u0130ZMETLER\u0130M\u0130Z - D\u0130J\u0130TAL H\u0130ZMETLER","isPartOf":{"@id":"https:\/\/www.digitalurunevreni.com\/#website"},"primaryImageOfPage":{"@id":"https:\/\/www.digitalurunevreni.com\/?page_id=875#primaryimage"},"image":{"@id":"https:\/\/www.digitalurunevreni.com\/?page_id=875#primaryimage"},"thumbnailUrl":"https:\/\/www.digitalurunevreni.com\/wp-content\/uploads\/2025\/11\/1.png","datePublished":"2025-11-19T19:53:36+00:00","dateModified":"2025-11-20T12:25:20+00:00","breadcrumb":{"@id":"https:\/\/www.digitalurunevreni.com\/?page_id=875#breadcrumb"},"inLanguage":"tr","potentialAction":[{"@type":"ReadAction","target":["https:\/\/www.digitalurunevreni.com\/?page_id=875"]}]},{"@type":"ImageObject","inLanguage":"tr","@id":"https:\/\/www.digitalurunevreni.com\/?page_id=875#primaryimage","url":"https:\/\/www.digitalurunevreni.com\/wp-content\/uploads\/2025\/11\/1.png","contentUrl":"https:\/\/www.digitalurunevreni.com\/wp-content\/uploads\/2025\/11\/1.png","width":1920,"height":1080},{"@type":"BreadcrumbList","@id":"https:\/\/www.digitalurunevreni.com\/?page_id=875#breadcrumb","itemListElement":[{"@type":"ListItem","position":1,"name":"Anasayfa","item":"https:\/\/www.digitalurunevreni.com\/"},{"@type":"ListItem","position":2,"name":"H\u0130ZMETLER\u0130M\u0130Z"}]},{"@type":"WebSite","@id":"https:\/\/www.digitalurunevreni.com\/#website","url":"https:\/\/www.digitalurunevreni.com\/","name":"D\u0130J\u0130TAL H\u0130ZMETLER","description":"","publisher":{"@id":"https:\/\/www.digitalurunevreni.com\/#organization"},"potentialAction":[{"@type":"SearchAction","target":{"@type":"EntryPoint","urlTemplate":"https:\/\/www.digitalurunevreni.com\/?s={search_term_string}"},"query-input":{"@type":"PropertyValueSpecification","valueRequired":true,"valueName":"search_term_string"}}],"inLanguage":"tr"},{"@type":"Organization","@id":"https:\/\/www.digitalurunevreni.com\/#organization","name":"D\u0130J\u0130TAL H\u0130ZMETLER","url":"https:\/\/www.digitalurunevreni.com\/","logo":{"@type":"ImageObject","inLanguage":"tr","@id":"https:\/\/www.digitalurunevreni.com\/#\/schema\/logo\/image\/","url":"https:\/\/www.digitalurunevreni.com\/wp-content\/uploads\/2025\/11\/cropped-cropped-sefaf-logo.png","contentUrl":"https:\/\/www.digitalurunevreni.com\/wp-content\/uploads\/2025\/11\/cropped-cropped-sefaf-logo.png","width":511,"height":464,"caption":"D\u0130J\u0130TAL H\u0130ZMETLER"},"image":{"@id":"https:\/\/www.digitalurunevreni.com\/#\/schema\/logo\/image\/"}}]}},"jetpack_sharing_enabled":true,"_links":{"self":[{"href":"https:\/\/www.digitalurunevreni.com\/index.php?rest_route=\/wp\/v2\/pages\/875","targetHints":{"allow":["GET"]}}],"collection":[{"href":"https:\/\/www.digitalurunevreni.com\/index.php?rest_route=\/wp\/v2\/pages"}],"about":[{"href":"https:\/\/www.digitalurunevreni.com\/index.php?rest_route=\/wp\/v2\/types\/page"}],"author":[{"embeddable":true,"href":"https:\/\/www.digitalurunevreni.com\/index.php?rest_route=\/wp\/v2\/users\/1"}],"replies":[{"embeddable":true,"href":"https:\/\/www.digitalurunevreni.com\/index.php?rest_route=%2Fwp%2Fv2%2Fcomments&post=875"}],"version-history":[{"count":0,"href":"https:\/\/www.digitalurunevreni.com\/index.php?rest_route=\/wp\/v2\/pages\/875\/revisions"}],"wp:attachment":[{"href":"https:\/\/www.digitalurunevreni.com\/index.php?rest_route=%2Fwp%2Fv2%2Fmedia&parent=875"}],"curies":[{"name":"wp","href":"https:\/\/api.w.org\/{rel}","templated":true}]}}