{"id":942,"date":"2025-11-20T15:32:21","date_gmt":"2025-11-20T12:32:21","guid":{"rendered":"https:\/\/www.digitalurunevreni.com\/?page_id=942"},"modified":"2025-11-22T14:32:33","modified_gmt":"2025-11-22T11:32:33","slug":"sosyal-medya-meta-kurulumu-ve-reklamlar","status":"publish","type":"page","link":"https:\/\/www.digitalurunevreni.com\/?page_id=942","title":{"rendered":"Sosyal Medya Meta Kurulumu ve Reklamlar"},"content":{"rendered":"\t\t<div data-elementor-type=\"wp-page\" data-elementor-id=\"942\" class=\"elementor elementor-942\">\n\t\t\t\t<div class=\"elementor-element elementor-element-3d9f24f e-flex e-con-boxed e-con e-parent\" data-id=\"3d9f24f\" data-element_type=\"container\">\n\t\t\t\t\t<div class=\"e-con-inner\">\n\t\t\t\t<div class=\"elementor-element elementor-element-f4d8c62 elementor-widget elementor-widget-image\" data-id=\"f4d8c62\" data-element_type=\"widget\" data-widget_type=\"image.default\">\n\t\t\t\t\t\t\t\t\t\t\t\t\t\t\t<img fetchpriority=\"high\" decoding=\"async\" width=\"1320\" height=\"7421\" src=\"https:\/\/www.digitalurunevreni.com\/wp-content\/uploads\/2025\/11\/facebook-meta-reklam-kurulumu-web-2-1320x7421.png\" class=\"attachment-mailpoet_newsletter_max size-mailpoet_newsletter_max wp-image-1002\" alt=\"Facebook Meta reklam kurulumu, markan\u0131z\u0131n hedef kitlesine ula\u015fmas\u0131nda kritik bir rol oynar ve etkili sonu\u00e7lar sa\u011flar. Facebook Meta Reklam Kurulumu neden \u00d6nemli?\" srcset=\"https:\/\/www.digitalurunevreni.com\/wp-content\/uploads\/2025\/11\/facebook-meta-reklam-kurulumu-web-2-1320x7421.png 1320w, https:\/\/www.digitalurunevreni.com\/wp-content\/uploads\/2025\/11\/facebook-meta-reklam-kurulumu-web-2-182x1024.png 182w, https:\/\/www.digitalurunevreni.com\/wp-content\/uploads\/2025\/11\/facebook-meta-reklam-kurulumu-web-2-768x4318.png 768w, https:\/\/www.digitalurunevreni.com\/wp-content\/uploads\/2025\/11\/facebook-meta-reklam-kurulumu-web-2-273x1536.png 273w\" sizes=\"(max-width: 1320px) 100vw, 1320px\" \/>\t\t\t\t\t\t\t\t\t\t\t\t\t\t\t<\/div>\n\t\t\t\t\t<\/div>\n\t\t\t\t<\/div>\n\t\t\t\t<\/div>\n\t\t","protected":false},"excerpt":{"rendered":"","protected":false},"author":1,"featured_media":0,"parent":921,"menu_order":0,"comment_status":"closed","ping_status":"closed","template":"elementor_header_footer","meta":{"ocean_post_layout":"","ocean_both_sidebars_style":"","ocean_both_sidebars_content_width":0,"ocean_both_sidebars_sidebars_width":0,"ocean_sidebar":"","ocean_second_sidebar":"","ocean_disable_margins":"enable","ocean_add_body_class":"","ocean_shortcode_before_top_bar":"","ocean_shortcode_after_top_bar":"","ocean_shortcode_before_header":"","ocean_shortcode_after_header":"","ocean_has_shortcode":"","ocean_shortcode_after_title":"","ocean_shortcode_before_footer_widgets":"","ocean_shortcode_after_footer_widgets":"","ocean_shortcode_before_footer_bottom":"","ocean_shortcode_after_footer_bottom":"","ocean_display_top_bar":"default","ocean_display_header":"default","ocean_header_style":"","ocean_center_header_left_menu":"","ocean_custom_header_template":"","ocean_custom_logo":0,"ocean_custom_retina_logo":0,"ocean_custom_logo_max_width":0,"ocean_custom_logo_tablet_max_width":0,"ocean_custom_logo_mobile_max_width":0,"ocean_custom_logo_max_height":0,"ocean_custom_logo_tablet_max_height":0,"ocean_custom_logo_mobile_max_height":0,"ocean_header_custom_menu":"","ocean_menu_typo_font_family":"","ocean_menu_typo_font_subset":"","ocean_menu_typo_font_size":0,"ocean_menu_typo_font_size_tablet":0,"ocean_menu_typo_font_size_mobile":0,"ocean_menu_typo_font_size_unit":"px","ocean_menu_typo_font_weight":"","ocean_menu_typo_font_weight_tablet":"","ocean_menu_typo_font_weight_mobile":"","ocean_menu_typo_transform":"","ocean_menu_typo_transform_tablet":"","ocean_menu_typo_transform_mobile":"","ocean_menu_typo_line_height":0,"ocean_menu_typo_line_height_tablet":0,"ocean_menu_typo_line_height_mobile":0,"ocean_menu_typo_line_height_unit":"","ocean_menu_typo_spacing":0,"ocean_menu_typo_spacing_tablet":0,"ocean_menu_typo_spacing_mobile":0,"ocean_menu_typo_spacing_unit":"","ocean_menu_link_color":"","ocean_menu_link_color_hover":"","ocean_menu_link_color_active":"","ocean_menu_link_background":"","ocean_menu_link_hover_background":"","ocean_menu_link_active_background":"","ocean_menu_social_links_bg":"","ocean_menu_social_hover_links_bg":"","ocean_menu_social_links_color":"","ocean_menu_social_hover_links_color":"","ocean_disable_title":"default","ocean_disable_heading":"default","ocean_post_title":"","ocean_post_subheading":"","ocean_post_title_style":"","ocean_post_title_background_color":"","ocean_post_title_background":0,"ocean_post_title_bg_image_position":"","ocean_post_title_bg_image_attachment":"","ocean_post_title_bg_image_repeat":"","ocean_post_title_bg_image_size":"","ocean_post_title_height":0,"ocean_post_title_bg_overlay":0.5,"ocean_post_title_bg_overlay_color":"","ocean_disable_breadcrumbs":"default","ocean_breadcrumbs_color":"","ocean_breadcrumbs_separator_color":"","ocean_breadcrumbs_links_color":"","ocean_breadcrumbs_links_hover_color":"","ocean_display_footer_widgets":"default","ocean_display_footer_bottom":"default","ocean_custom_footer_template":"","omw_enable_modal_window":"enable","footnotes":""},"class_list":["post-942","page","type-page","status-publish","hentry","entry"],"yoast_head":"<!-- This site is optimized with the Yoast SEO plugin v25.9 - https:\/\/yoast.com\/wordpress\/plugins\/seo\/ -->\n<title>Sosyal Medya Meta Kurulumu ve Reklamlar - D\u0130J\u0130TAL H\u0130ZMETLER<\/title>\n<meta name=\"robots\" content=\"index, follow, max-snippet:-1, max-image-preview:large, max-video-preview:-1\" \/>\n<link rel=\"canonical\" href=\"https:\/\/www.digitalurunevreni.com\/?page_id=942\" \/>\n<meta property=\"og:locale\" content=\"tr_TR\" \/>\n<meta property=\"og:type\" content=\"article\" \/>\n<meta property=\"og:title\" content=\"Sosyal Medya Meta Kurulumu ve Reklamlar - D\u0130J\u0130TAL H\u0130ZMETLER\" \/>\n<meta property=\"og:url\" content=\"https:\/\/www.digitalurunevreni.com\/?page_id=942\" \/>\n<meta property=\"og:site_name\" content=\"D\u0130J\u0130TAL H\u0130ZMETLER\" \/>\n<meta property=\"article:modified_time\" content=\"2025-11-22T11:32:33+00:00\" \/>\n<meta property=\"og:image\" content=\"https:\/\/www.digitalurunevreni.com\/wp-content\/uploads\/2025\/11\/facebook-meta-reklam-kurulumu-web-2-scaled.png\" \/>\n\t<meta property=\"og:image:width\" content=\"455\" \/>\n\t<meta property=\"og:image:height\" content=\"2560\" \/>\n\t<meta property=\"og:image:type\" content=\"image\/png\" \/>\n<meta name=\"twitter:card\" content=\"summary_large_image\" \/>\n<script type=\"application\/ld+json\" class=\"yoast-schema-graph\">{\"@context\":\"https:\/\/schema.org\",\"@graph\":[{\"@type\":\"WebPage\",\"@id\":\"https:\/\/www.digitalurunevreni.com\/?page_id=942\",\"url\":\"https:\/\/www.digitalurunevreni.com\/?page_id=942\",\"name\":\"Sosyal Medya Meta Kurulumu ve Reklamlar - D\u0130J\u0130TAL H\u0130ZMETLER\",\"isPartOf\":{\"@id\":\"https:\/\/www.digitalurunevreni.com\/#website\"},\"primaryImageOfPage\":{\"@id\":\"https:\/\/www.digitalurunevreni.com\/?page_id=942#primaryimage\"},\"image\":{\"@id\":\"https:\/\/www.digitalurunevreni.com\/?page_id=942#primaryimage\"},\"thumbnailUrl\":\"https:\/\/www.digitalurunevreni.com\/wp-content\/uploads\/2025\/11\/facebook-meta-reklam-kurulumu-web-2-1320x7421.png\",\"datePublished\":\"2025-11-20T12:32:21+00:00\",\"dateModified\":\"2025-11-22T11:32:33+00:00\",\"breadcrumb\":{\"@id\":\"https:\/\/www.digitalurunevreni.com\/?page_id=942#breadcrumb\"},\"inLanguage\":\"tr\",\"potentialAction\":[{\"@type\":\"ReadAction\",\"target\":[\"https:\/\/www.digitalurunevreni.com\/?page_id=942\"]}]},{\"@type\":\"ImageObject\",\"inLanguage\":\"tr\",\"@id\":\"https:\/\/www.digitalurunevreni.com\/?page_id=942#primaryimage\",\"url\":\"https:\/\/www.digitalurunevreni.com\/wp-content\/uploads\/2025\/11\/facebook-meta-reklam-kurulumu-web-2-scaled.png\",\"contentUrl\":\"https:\/\/www.digitalurunevreni.com\/wp-content\/uploads\/2025\/11\/facebook-meta-reklam-kurulumu-web-2-scaled.png\",\"width\":455,\"height\":2560,\"caption\":\"Facebook Meta reklam kurulumu, markan\u0131z\u0131n hedef kitlesine ula\u015fmas\u0131nda kritik bir rol oynar ve etkili sonu\u00e7lar sa\u011flar. Facebook Meta Reklam Kurulumu neden \u00d6nemli?\"},{\"@type\":\"BreadcrumbList\",\"@id\":\"https:\/\/www.digitalurunevreni.com\/?page_id=942#breadcrumb\",\"itemListElement\":[{\"@type\":\"ListItem\",\"position\":1,\"name\":\"Anasayfa\",\"item\":\"https:\/\/www.digitalurunevreni.com\/\"},{\"@type\":\"ListItem\",\"position\":2,\"name\":\"H\u0130ZMETLER\u0130M\u0130Z\",\"item\":\"https:\/\/www.digitalurunevreni.com\/?page_id=875\"},{\"@type\":\"ListItem\",\"position\":3,\"name\":\"SOSYAL MEDYA Y\u00d6NET\u0130M\u0130\",\"item\":\"https:\/\/www.digitalurunevreni.com\/?page_id=921\"},{\"@type\":\"ListItem\",\"position\":4,\"name\":\"Sosyal Medya Meta Kurulumu ve Reklamlar\"}]},{\"@type\":\"WebSite\",\"@id\":\"https:\/\/www.digitalurunevreni.com\/#website\",\"url\":\"https:\/\/www.digitalurunevreni.com\/\",\"name\":\"D\u0130J\u0130TAL H\u0130ZMETLER\",\"description\":\"\",\"publisher\":{\"@id\":\"https:\/\/www.digitalurunevreni.com\/#organization\"},\"potentialAction\":[{\"@type\":\"SearchAction\",\"target\":{\"@type\":\"EntryPoint\",\"urlTemplate\":\"https:\/\/www.digitalurunevreni.com\/?s={search_term_string}\"},\"query-input\":{\"@type\":\"PropertyValueSpecification\",\"valueRequired\":true,\"valueName\":\"search_term_string\"}}],\"inLanguage\":\"tr\"},{\"@type\":\"Organization\",\"@id\":\"https:\/\/www.digitalurunevreni.com\/#organization\",\"name\":\"D\u0130J\u0130TAL H\u0130ZMETLER\",\"url\":\"https:\/\/www.digitalurunevreni.com\/\",\"logo\":{\"@type\":\"ImageObject\",\"inLanguage\":\"tr\",\"@id\":\"https:\/\/www.digitalurunevreni.com\/#\/schema\/logo\/image\/\",\"url\":\"https:\/\/www.digitalurunevreni.com\/wp-content\/uploads\/2025\/11\/cropped-cropped-sefaf-logo.png\",\"contentUrl\":\"https:\/\/www.digitalurunevreni.com\/wp-content\/uploads\/2025\/11\/cropped-cropped-sefaf-logo.png\",\"width\":511,\"height\":464,\"caption\":\"D\u0130J\u0130TAL H\u0130ZMETLER\"},\"image\":{\"@id\":\"https:\/\/www.digitalurunevreni.com\/#\/schema\/logo\/image\/\"}}]}<\/script>\n<!-- \/ Yoast SEO plugin. -->","yoast_head_json":{"title":"Sosyal Medya Meta Kurulumu ve Reklamlar - D\u0130J\u0130TAL H\u0130ZMETLER","robots":{"index":"index","follow":"follow","max-snippet":"max-snippet:-1","max-image-preview":"max-image-preview:large","max-video-preview":"max-video-preview:-1"},"canonical":"https:\/\/www.digitalurunevreni.com\/?page_id=942","og_locale":"tr_TR","og_type":"article","og_title":"Sosyal Medya Meta Kurulumu ve Reklamlar - D\u0130J\u0130TAL H\u0130ZMETLER","og_url":"https:\/\/www.digitalurunevreni.com\/?page_id=942","og_site_name":"D\u0130J\u0130TAL H\u0130ZMETLER","article_modified_time":"2025-11-22T11:32:33+00:00","og_image":[{"width":455,"height":2560,"url":"https:\/\/www.digitalurunevreni.com\/wp-content\/uploads\/2025\/11\/facebook-meta-reklam-kurulumu-web-2-scaled.png","type":"image\/png"}],"twitter_card":"summary_large_image","schema":{"@context":"https:\/\/schema.org","@graph":[{"@type":"WebPage","@id":"https:\/\/www.digitalurunevreni.com\/?page_id=942","url":"https:\/\/www.digitalurunevreni.com\/?page_id=942","name":"Sosyal Medya Meta Kurulumu ve Reklamlar - D\u0130J\u0130TAL H\u0130ZMETLER","isPartOf":{"@id":"https:\/\/www.digitalurunevreni.com\/#website"},"primaryImageOfPage":{"@id":"https:\/\/www.digitalurunevreni.com\/?page_id=942#primaryimage"},"image":{"@id":"https:\/\/www.digitalurunevreni.com\/?page_id=942#primaryimage"},"thumbnailUrl":"https:\/\/www.digitalurunevreni.com\/wp-content\/uploads\/2025\/11\/facebook-meta-reklam-kurulumu-web-2-1320x7421.png","datePublished":"2025-11-20T12:32:21+00:00","dateModified":"2025-11-22T11:32:33+00:00","breadcrumb":{"@id":"https:\/\/www.digitalurunevreni.com\/?page_id=942#breadcrumb"},"inLanguage":"tr","potentialAction":[{"@type":"ReadAction","target":["https:\/\/www.digitalurunevreni.com\/?page_id=942"]}]},{"@type":"ImageObject","inLanguage":"tr","@id":"https:\/\/www.digitalurunevreni.com\/?page_id=942#primaryimage","url":"https:\/\/www.digitalurunevreni.com\/wp-content\/uploads\/2025\/11\/facebook-meta-reklam-kurulumu-web-2-scaled.png","contentUrl":"https:\/\/www.digitalurunevreni.com\/wp-content\/uploads\/2025\/11\/facebook-meta-reklam-kurulumu-web-2-scaled.png","width":455,"height":2560,"caption":"Facebook Meta reklam kurulumu, markan\u0131z\u0131n hedef kitlesine ula\u015fmas\u0131nda kritik bir rol oynar ve etkili sonu\u00e7lar sa\u011flar. Facebook Meta Reklam Kurulumu neden \u00d6nemli?"},{"@type":"BreadcrumbList","@id":"https:\/\/www.digitalurunevreni.com\/?page_id=942#breadcrumb","itemListElement":[{"@type":"ListItem","position":1,"name":"Anasayfa","item":"https:\/\/www.digitalurunevreni.com\/"},{"@type":"ListItem","position":2,"name":"H\u0130ZMETLER\u0130M\u0130Z","item":"https:\/\/www.digitalurunevreni.com\/?page_id=875"},{"@type":"ListItem","position":3,"name":"SOSYAL MEDYA Y\u00d6NET\u0130M\u0130","item":"https:\/\/www.digitalurunevreni.com\/?page_id=921"},{"@type":"ListItem","position":4,"name":"Sosyal Medya Meta Kurulumu ve Reklamlar"}]},{"@type":"WebSite","@id":"https:\/\/www.digitalurunevreni.com\/#website","url":"https:\/\/www.digitalurunevreni.com\/","name":"D\u0130J\u0130TAL H\u0130ZMETLER","description":"","publisher":{"@id":"https:\/\/www.digitalurunevreni.com\/#organization"},"potentialAction":[{"@type":"SearchAction","target":{"@type":"EntryPoint","urlTemplate":"https:\/\/www.digitalurunevreni.com\/?s={search_term_string}"},"query-input":{"@type":"PropertyValueSpecification","valueRequired":true,"valueName":"search_term_string"}}],"inLanguage":"tr"},{"@type":"Organization","@id":"https:\/\/www.digitalurunevreni.com\/#organization","name":"D\u0130J\u0130TAL H\u0130ZMETLER","url":"https:\/\/www.digitalurunevreni.com\/","logo":{"@type":"ImageObject","inLanguage":"tr","@id":"https:\/\/www.digitalurunevreni.com\/#\/schema\/logo\/image\/","url":"https:\/\/www.digitalurunevreni.com\/wp-content\/uploads\/2025\/11\/cropped-cropped-sefaf-logo.png","contentUrl":"https:\/\/www.digitalurunevreni.com\/wp-content\/uploads\/2025\/11\/cropped-cropped-sefaf-logo.png","width":511,"height":464,"caption":"D\u0130J\u0130TAL H\u0130ZMETLER"},"image":{"@id":"https:\/\/www.digitalurunevreni.com\/#\/schema\/logo\/image\/"}}]}},"jetpack_sharing_enabled":true,"_links":{"self":[{"href":"https:\/\/www.digitalurunevreni.com\/index.php?rest_route=\/wp\/v2\/pages\/942","targetHints":{"allow":["GET"]}}],"collection":[{"href":"https:\/\/www.digitalurunevreni.com\/index.php?rest_route=\/wp\/v2\/pages"}],"about":[{"href":"https:\/\/www.digitalurunevreni.com\/index.php?rest_route=\/wp\/v2\/types\/page"}],"author":[{"embeddable":true,"href":"https:\/\/www.digitalurunevreni.com\/index.php?rest_route=\/wp\/v2\/users\/1"}],"replies":[{"embeddable":true,"href":"https:\/\/www.digitalurunevreni.com\/index.php?rest_route=%2Fwp%2Fv2%2Fcomments&post=942"}],"version-history":[{"count":0,"href":"https:\/\/www.digitalurunevreni.com\/index.php?rest_route=\/wp\/v2\/pages\/942\/revisions"}],"up":[{"embeddable":true,"href":"https:\/\/www.digitalurunevreni.com\/index.php?rest_route=\/wp\/v2\/pages\/921"}],"wp:attachment":[{"href":"https:\/\/www.digitalurunevreni.com\/index.php?rest_route=%2Fwp%2Fv2%2Fmedia&parent=942"}],"curies":[{"name":"wp","href":"https:\/\/api.w.org\/{rel}","templated":true}]}}